{"id":132,"date":"2019-12-23T08:26:56","date_gmt":"2019-12-23T07:26:56","guid":{"rendered":"http:\/\/rheinbergquartier.de\/?page_id=132"},"modified":"2022-06-21T15:28:44","modified_gmt":"2022-06-21T13:28:44","slug":"hallo","status":"publish","type":"page","link":"https:\/\/rheinbergquartier.de\/","title":{"rendered":"Willkommen im RheinBerg Quartier"},"content":{"rendered":"\n<figure class=\"wp-block-image size-large\"><img loading=\"lazy\" decoding=\"async\" width=\"1000\" height=\"667\" src=\"https:\/\/rheinbergquartier.de\/wp-content\/uploads\/2019\/09\/RBQ-6.jpg\" alt=\"\" class=\"wp-image-6\" srcset=\"https:\/\/rheinbergquartier.de\/wp-content\/uploads\/2019\/09\/RBQ-6.jpg 1000w, https:\/\/rheinbergquartier.de\/wp-content\/uploads\/2019\/09\/RBQ-6-300x200.jpg 300w, https:\/\/rheinbergquartier.de\/wp-content\/uploads\/2019\/09\/RBQ-6-768x512.jpg 768w\" sizes=\"auto, (max-width: 1000px) 100vw, 1000px\" \/><\/figure>\n\n\n\n<p>W\u00e4re es nicht fantastisch, zu Hause zu sein ohne zu Hause zu sein? Mit unserem gem\u00fctlichen, komfortable ausgestattetem RheinBerg Quartier machen wir genau das m\u00f6glich.<\/p>\n<p><a href=\"https:\/\/www.komoot.de\/discover\/Odenthal\/@51.0326747%2C7.1171418\/tours?sport=hike&amp;distance=30\" target=\"_blank\" rel=\"noopener\">Ausgedehnte Wanderungen<\/a>, den\u00a0<a href=\"https:\/\/www.koelner-dom.de\/\" target=\"_blank\" rel=\"noopener\">K\u00f6lner Dom<\/a> oder<a href=\"https:\/\/odenthal-altenberg.de\/kultur\/altenberger-dom\/\" target=\"_blank\" rel=\"noopener noreferrer\">\u00a0Altenberger Dom<\/a> besichtigen, <a href=\"https:\/\/www.hochseilgarten-k1.de\" target=\"_blank\" rel=\"noopener noreferrer\">Hochseilgarten<\/a>, Relaxen im <a href=\"https:\/\/www.mediterana.de\" target=\"_blank\" rel=\"noopener noreferrer\">Mediterana<\/a>, eine Unterkunft f\u00fcr die <a href=\"https:\/\/www.messen.de\/de\/202\/in\/deutschland\/nordrhein-westfalen\/koeln\/uebersicht\" target=\"_blank\" rel=\"noopener noreferrer\">Messe<\/a> oder Dienstreise,\u00a0Mountainbiken, und vieles mehr&#8230;..<\/p>\n<p>Wir sind in <a href=\"https:\/\/odenthal-altenberg.de\" target=\"_blank\" rel=\"noopener noreferrer\">Odenthal<\/a>, dem Tor zum Bergischen Land, nahe der Metropole K\u00f6ln.<\/p>\n\n\n\n<p><\/p>\n","protected":false},"excerpt":{"rendered":"<p>W\u00e4re es nicht fantastisch, zu Hause zu sein ohne zu Hause zu sein? Mit unserem gem\u00fctlichen, komfortable ausgestattetem RheinBerg Quartier machen wir genau das m\u00f6glich. &hellip; <\/p>\n","protected":false},"author":2,"featured_media":0,"parent":0,"menu_order":0,"comment_status":"closed","ping_status":"closed","template":"","meta":{"footnotes":""},"class_list":["post-132","page","type-page","status-publish","hentry"],"_links":{"self":[{"href":"https:\/\/rheinbergquartier.de\/index.php?rest_route=\/wp\/v2\/pages\/132","targetHints":{"allow":["GET"]}}],"collection":[{"href":"https:\/\/rheinbergquartier.de\/index.php?rest_route=\/wp\/v2\/pages"}],"about":[{"href":"https:\/\/rheinbergquartier.de\/index.php?rest_route=\/wp\/v2\/types\/page"}],"author":[{"embeddable":true,"href":"https:\/\/rheinbergquartier.de\/index.php?rest_route=\/wp\/v2\/users\/2"}],"replies":[{"embeddable":true,"href":"https:\/\/rheinbergquartier.de\/index.php?rest_route=%2Fwp%2Fv2%2Fcomments&post=132"}],"version-history":[{"count":10,"href":"https:\/\/rheinbergquartier.de\/index.php?rest_route=\/wp\/v2\/pages\/132\/revisions"}],"predecessor-version":[{"id":340,"href":"https:\/\/rheinbergquartier.de\/index.php?rest_route=\/wp\/v2\/pages\/132\/revisions\/340"}],"wp:attachment":[{"href":"https:\/\/rheinbergquartier.de\/index.php?rest_route=%2Fwp%2Fv2%2Fmedia&parent=132"}],"curies":[{"name":"wp","href":"https:\/\/api.w.org\/{rel}","templated":true}]}}