{"id":188,"date":"2020-01-17T18:54:27","date_gmt":"2020-01-17T17:54:27","guid":{"rendered":"http:\/\/rheinbergquartier.de\/?page_id=188"},"modified":"2022-06-21T15:32:42","modified_gmt":"2022-06-21T13:32:42","slug":"ausstattung","status":"publish","type":"page","link":"https:\/\/rheinbergquartier.de\/?page_id=188","title":{"rendered":"Ausstattung"},"content":{"rendered":"\n<div class=\"wp-block-group\"><div class=\"wp-block-group__inner-container is-layout-flow wp-block-group-is-layout-flow\">\n<p>Wenn man auf Reisen ist will man sich um nicht viel k\u00fcmmern m\u00fcssen und schlichtweg die Zeit genie\u00dfen. Mit unserer gro\u00dfz\u00fcgig ausgestatteten Ferienwohnung wollen wir unseren Teil dazu beitragen, dass man auch in der Ferne zu Hause ist &#8211; dies liegt uns am Herzen da wir selbst Reisende sind und daher wissen, wovon wir reden. Aber sieh&#8216; selbst:<\/p>\n<\/div><\/div>\n\n\n\n<div class=\"wp-block-columns is-layout-flex wp-container-core-columns-is-layout-9d6595d7 wp-block-columns-is-layout-flex\">\n<div class=\"wp-block-column is-layout-flow wp-block-column-is-layout-flow\">\n<p><b>Das\u00a0<\/b><span style=\"font-weight: 600;\">Rheinberg<\/span><b>\u00a0Quartier verf\u00fcgt \u00fcber<\/b><\/p>\n<ul>\n<li>Kostenloser Parkplatz<\/li>\n<li>Separater Eingang<\/li>\n<li>Schlafzimmer mit Doppelbett <em>(1,40 x 2 m)<\/em><\/li>\n<li>Zweite Schlafgelegenheit auf bequemem Schlafsofa\u00a0<\/li>\n<li>Komfortable, ebenerdige Dusche<\/li>\n<li>Vollwertige, gut ausgestattete K\u00fcche<\/li>\n<li>Gro\u00dfz\u00fcgiger Wohn-Ess-Raum<\/li>\n<li>Terrassenmitbenutzung mit eigenen M\u00f6beln<\/li>\n<li>Rauch- und Kohlenmonoxidmelder<\/li>\n<\/ul>\n<\/div>\n\n\n\n<div class=\"wp-block-column is-layout-flow wp-block-column-is-layout-flow\">\n<p><strong>Ein paar Ausstattungshighlights<\/strong><\/p>\n<ul>\n<li>Gratis Glasfaser Hochgeschwindigkeits WLAN (<em>600 Mbit<\/em>)<\/li>\n<li>HD Fernsehen mit \u00fcber 50 Programmen<\/li>\n<li>Gratis Kapseln f\u00fcr die Kaffeemaschine sowie eine Auswahl an kostenlosen Teesorten<\/li>\n<li>W\u00e4schepaket (<em>Bettbez\u00fcge, Handt\u00fccher, K\u00fcchent\u00fccher, Duscht\u00fccher, Duschmatte<\/em>) im Mietpreis inklusive<\/li>\n<li>Moderne K\u00fcchenausstattung (<em>Vier Platten\u00a0Induktionsherd,\u00a0<\/em><i>Backofen, Geschirrsp\u00fclmaschine, Mikrowelle, Gefrier-K\u00fchlkombination, Toaster, Eierkocher, Wasserkocher,\u00a0Stabmixer, Handr\u00fchrer&#8230;.)<\/i><\/li>\n<li>WLAN Radio mit Bluetooth Funktion (<em>Abspielen von eigenen Songs auf dem Handy)<\/em><\/li>\n<li>F\u00f6hn<\/li>\n<li>Spielesammlung (<em>Sollte das Wetter doch mal nicht mitspielen)<\/em><\/li>\n<\/ul>\n<\/div>\n<\/div>\n\n\n\n<figure class=\"wp-block-gallery aligncenter has-nested-images columns-2 is-cropped wp-block-gallery-1 is-layout-flex wp-block-gallery-is-layout-flex\">\n<figure class=\"wp-block-image size-large\"><img loading=\"lazy\" decoding=\"async\" width=\"1000\" height=\"667\" data-id=\"268\" src=\"https:\/\/rheinbergquartier.de\/wp-content\/uploads\/2020\/08\/RBQ-3.jpg\" alt=\"\" class=\"wp-image-268\" srcset=\"https:\/\/rheinbergquartier.de\/wp-content\/uploads\/2020\/08\/RBQ-3.jpg 1000w, https:\/\/rheinbergquartier.de\/wp-content\/uploads\/2020\/08\/RBQ-3-300x200.jpg 300w, https:\/\/rheinbergquartier.de\/wp-content\/uploads\/2020\/08\/RBQ-3-768x512.jpg 768w\" sizes=\"auto, (max-width: 1000px) 100vw, 1000px\" \/><\/figure>\n\n\n\n<figure class=\"wp-block-image size-large\"><img loading=\"lazy\" decoding=\"async\" width=\"1000\" height=\"667\" data-id=\"289\" src=\"https:\/\/rheinbergquartier.de\/wp-content\/uploads\/2020\/08\/RBQ-4.jpg\" alt=\"\" class=\"wp-image-289\" srcset=\"https:\/\/rheinbergquartier.de\/wp-content\/uploads\/2020\/08\/RBQ-4.jpg 1000w, https:\/\/rheinbergquartier.de\/wp-content\/uploads\/2020\/08\/RBQ-4-300x200.jpg 300w, https:\/\/rheinbergquartier.de\/wp-content\/uploads\/2020\/08\/RBQ-4-768x512.jpg 768w\" sizes=\"auto, (max-width: 1000px) 100vw, 1000px\" \/><\/figure>\n\n\n\n<figure class=\"wp-block-image size-large\"><img loading=\"lazy\" decoding=\"async\" width=\"1000\" height=\"667\" data-id=\"266\" src=\"https:\/\/rheinbergquartier.de\/wp-content\/uploads\/2020\/08\/RBQ-1-1.jpg\" alt=\"\" class=\"wp-image-266\" srcset=\"https:\/\/rheinbergquartier.de\/wp-content\/uploads\/2020\/08\/RBQ-1-1.jpg 1000w, https:\/\/rheinbergquartier.de\/wp-content\/uploads\/2020\/08\/RBQ-1-1-300x200.jpg 300w, https:\/\/rheinbergquartier.de\/wp-content\/uploads\/2020\/08\/RBQ-1-1-768x512.jpg 768w\" sizes=\"auto, (max-width: 1000px) 100vw, 1000px\" \/><\/figure>\n\n\n\n<figure class=\"wp-block-image size-large\"><img loading=\"lazy\" decoding=\"async\" width=\"1000\" height=\"667\" data-id=\"285\" src=\"https:\/\/rheinbergquartier.de\/wp-content\/uploads\/2020\/08\/RBQ-12.jpg\" alt=\"\" class=\"wp-image-285\" srcset=\"https:\/\/rheinbergquartier.de\/wp-content\/uploads\/2020\/08\/RBQ-12.jpg 1000w, https:\/\/rheinbergquartier.de\/wp-content\/uploads\/2020\/08\/RBQ-12-300x200.jpg 300w, https:\/\/rheinbergquartier.de\/wp-content\/uploads\/2020\/08\/RBQ-12-768x512.jpg 768w\" sizes=\"auto, (max-width: 1000px) 100vw, 1000px\" \/><\/figure>\n\n\n\n<figure class=\"wp-block-image size-large\"><img loading=\"lazy\" decoding=\"async\" width=\"1000\" height=\"667\" data-id=\"287\" src=\"https:\/\/rheinbergquartier.de\/wp-content\/uploads\/2020\/08\/RBQ-16-1.jpg\" alt=\"\" class=\"wp-image-287\" srcset=\"https:\/\/rheinbergquartier.de\/wp-content\/uploads\/2020\/08\/RBQ-16-1.jpg 1000w, https:\/\/rheinbergquartier.de\/wp-content\/uploads\/2020\/08\/RBQ-16-1-300x200.jpg 300w, https:\/\/rheinbergquartier.de\/wp-content\/uploads\/2020\/08\/RBQ-16-1-768x512.jpg 768w\" sizes=\"auto, (max-width: 1000px) 100vw, 1000px\" \/><\/figure>\n\n\n\n<figure class=\"wp-block-image size-large\"><img loading=\"lazy\" decoding=\"async\" width=\"1000\" height=\"667\" data-id=\"288\" src=\"https:\/\/rheinbergquartier.de\/wp-content\/uploads\/2020\/08\/RBQ-10.jpg\" alt=\"\" class=\"wp-image-288\" srcset=\"https:\/\/rheinbergquartier.de\/wp-content\/uploads\/2020\/08\/RBQ-10.jpg 1000w, https:\/\/rheinbergquartier.de\/wp-content\/uploads\/2020\/08\/RBQ-10-300x200.jpg 300w, https:\/\/rheinbergquartier.de\/wp-content\/uploads\/2020\/08\/RBQ-10-768x512.jpg 768w\" sizes=\"auto, (max-width: 1000px) 100vw, 1000px\" \/><\/figure>\n<\/figure>\n","protected":false},"excerpt":{"rendered":"<p>Wenn man auf Reisen ist will man sich um nicht viel k\u00fcmmern m\u00fcssen und schlichtweg die Zeit genie\u00dfen. Mit unserer gro\u00dfz\u00fcgig ausgestatteten Ferienwohnung wollen wir &hellip; <\/p>\n","protected":false},"author":2,"featured_media":0,"parent":0,"menu_order":0,"comment_status":"closed","ping_status":"closed","template":"","meta":{"footnotes":""},"class_list":["post-188","page","type-page","status-publish","hentry"],"_links":{"self":[{"href":"https:\/\/rheinbergquartier.de\/index.php?rest_route=\/wp\/v2\/pages\/188","targetHints":{"allow":["GET"]}}],"collection":[{"href":"https:\/\/rheinbergquartier.de\/index.php?rest_route=\/wp\/v2\/pages"}],"about":[{"href":"https:\/\/rheinbergquartier.de\/index.php?rest_route=\/wp\/v2\/types\/page"}],"author":[{"embeddable":true,"href":"https:\/\/rheinbergquartier.de\/index.php?rest_route=\/wp\/v2\/users\/2"}],"replies":[{"embeddable":true,"href":"https:\/\/rheinbergquartier.de\/index.php?rest_route=%2Fwp%2Fv2%2Fcomments&post=188"}],"version-history":[{"count":22,"href":"https:\/\/rheinbergquartier.de\/index.php?rest_route=\/wp\/v2\/pages\/188\/revisions"}],"predecessor-version":[{"id":341,"href":"https:\/\/rheinbergquartier.de\/index.php?rest_route=\/wp\/v2\/pages\/188\/revisions\/341"}],"wp:attachment":[{"href":"https:\/\/rheinbergquartier.de\/index.php?rest_route=%2Fwp%2Fv2%2Fmedia&parent=188"}],"curies":[{"name":"wp","href":"https:\/\/api.w.org\/{rel}","templated":true}]}}