{"id":190,"date":"2020-01-17T18:55:09","date_gmt":"2020-01-17T17:55:09","guid":{"rendered":"http:\/\/rheinbergquartier.de\/?page_id=190"},"modified":"2024-11-11T18:20:09","modified_gmt":"2024-11-11T17:20:09","slug":"haeufige-fragen","status":"publish","type":"page","link":"https:\/\/rheinbergquartier.de\/?page_id=190","title":{"rendered":"H\u00e4ufige Fragen"},"content":{"rendered":"\n<blockquote class=\"wp-block-quote has-text-align-left is-style-default is-layout-flow wp-block-quote-is-layout-flow\">\n<p><span class=\"tadv-color\" style=\"color:#498aaf\">Wie weit ist die Wohnung von den Gro\u00dfst\u00e4dten in der Umgebung entfernt?<\/span><\/p>\n<cite>Die Autobahn A1 mit Anbindung nach K\u00f6ln, Leverkusen und D\u00fcsseldorf ist ca. 10 Fahrminuten mit dem Auto entfernt.<br>Mit folgenden Distanzen per Auto kannst Du rechnen (laut <a rel=\"noreferrer noopener\" aria-label=\"g\u00e4ngiger Kartenanbieter) (opens in a new tab)\" href=\"https:\/\/maps.google.com\" target=\"_blank\">g\u00e4ngiger Kartenanbieter)<\/a>:<br>&#8211; K\u00f6ln Messe: 18 km<br>&#8211; K\u00f6ln Zentrum: 25 km<br>&#8211; Bergisch Gladbach: 9 km&nbsp;<br>&#8211; Leverkusen Zentrum: 10 km<br>&#8211; D\u00fcsseldorf K\u00f6nigsallee: 41 km<\/cite><\/blockquote>\n\n\n\n<blockquote class=\"wp-block-quote is-style-default is-layout-flow wp-block-quote-is-layout-flow\">\n<p><span class=\"tadv-color\" style=\"color:#498aaf\">Mit welcher \u00d6PNV Anbindung kann ich rechnen?<\/span><\/p>\n<cite>Die n\u00e4chsten Bahnh\u00f6fe sind Bergisch Gladbach (S-Bahn nach K\u00f6ln, ca. 8 km entfernt) und Leverkusen Schlebusch (Stra\u00dfenbahn 7 km sowie Bahnhof 8 km) sowie Leverkusen Mitte (10 km, Anbindung an die Rheinschiene Koblenz, K\u00f6ln &lt;-&gt; D\u00fcsseldorf, Ruhrgebiet).<br>Die n\u00e4chste Bushaltestelle ist ca. 500 m entfernt, hier gibt es Verbindungen nach Bergisch Gladbach und Leverkusen.<br>Fahrten mit dem \u00d6PNV kann man am einfachsten \u00fcber die <a href=\"https:\/\/www.bahn.de\" target=\"_blank\" rel=\"noreferrer noopener\" aria-label=\"Webseite der Deutschen Bahn (opens in a new tab)\">Webseite der Deutschen Bahn<\/a> planen, diese schlie\u00dft auch Nahverkehr (Bus, Stra\u00dfenbahn) mit ein.<\/cite><\/blockquote>\n\n\n\n<blockquote class=\"wp-block-quote is-style-default is-layout-flow wp-block-quote-is-layout-flow\">\n<p><span class=\"tadv-color\" style=\"color:#498aaf\">Welche Buslinien fahren vor Ort?<\/span><\/p>\n<cite>Die n\u00e4chstgelegene Bushaltestelle ist &#8222;Schlinghofener Str.&#8220; Hier fahren die Buslinien 430 und 212 ab. <a rel=\"noreferrer noopener\" aria-label=\"Linienfahrpl\u00e4ne bekommst Du hier. (opens in a new tab)\" href=\"https:\/\/www.wupsi.de\/fahrplan\/linienfahrplaene\/leverkusen\/\" target=\"_blank\">Linienfahrpl\u00e4ne bekommst Du hier.<\/a><\/cite><\/blockquote>\n\n\n\n<blockquote class=\"wp-block-quote is-style-default is-layout-flow wp-block-quote-is-layout-flow\">\n<p><span class=\"tadv-color\" style=\"color:#498aaf\">Wie lange f\u00e4hrt der \u00f6ffentliche Nahverkehr?<\/span><\/p>\n<cite>Dies ist abh\u00e4ngig von den Wochentagen und ob es sich um einen Feiertag handelt oder nicht. Am  einfachsten  erf\u00e4hrst Du dies \u00fcber die <a rel=\"noreferrer noopener\" href=\"https:\/\/www.bahn.de\" target=\"_blank\">Webseite der Deutschen Bahn<\/a>.<\/cite><\/blockquote>\n\n\n\n<blockquote class=\"wp-block-quote is-style-default is-layout-flow wp-block-quote-is-layout-flow\">\n<p><span class=\"tadv-color\" style=\"color:#498aaf\">Wann kann ich die Wohnung betreten?<\/span><\/p>\n<cite>Check in ist ab 14 Uhr des ersten Buchungstages m\u00f6glich &#8211; solltest Du fr\u00fcher kommen nimm&#8216; bitte <a href=\"https:\/\/rheinbergquartier.de\/?page_id=185\" target=\"_blank\" rel=\"noreferrer noopener\" aria-label=\"Kontakt  (opens in a new tab)\">Kontakt <\/a>mit uns auf.<\/cite><\/blockquote>\n\n\n\n<blockquote class=\"wp-block-quote is-style-default is-layout-flow wp-block-quote-is-layout-flow\">\n<p><span class=\"tadv-color\" style=\"color:#498aaf\">Wie lange kann ich in der Wohnung am Abreisetag bleiben?<\/span><\/p>\n<cite>Check out ist bis 11:00 Uhr des letzten Buchungstages &#8211; solltest Du sp\u00e4ter abreisen wollen nimm&#8216; bitte <a href=\"https:\/\/rheinbergquartier.de\/?page_id=185\" target=\"_blank\" rel=\"noreferrer noopener\">Kontakt <\/a>mit uns auf.<\/cite><\/blockquote>\n\n\n\n<blockquote class=\"wp-block-quote is-layout-flow wp-block-quote-is-layout-flow\">\n<p><span class=\"tadv-color\" style=\"color:#498aaf\">Wie komme ich an den Wohnungsschl\u00fcssel?<\/span><\/p>\n<cite>Normalerweise sind wir vor Ort und \u00fcbergeben Dir den Schl\u00fcssel pers\u00f6nlich. Ansonsten gibt es am Eingang zur Ferienwohnung einen Schl\u00fcsseltresor, hier hinterlegen wir den Schl\u00fcssel f\u00fcr Dich.<\/cite><\/blockquote>\n\n\n\n<blockquote class=\"wp-block-quote is-layout-flow wp-block-quote-is-layout-flow\">\n<p><span class=\"tadv-color\" style=\"color:#498aaf\">Muss ich Bettw\u00e4sche mitbringen?<\/span><\/p>\n<cite>Nein, im Mietpreis inbegriffen in ist ein komplettes W\u00e4schepaket bestehend aus Bettw\u00e4sche, Bad- und Handtuch, Fu\u00dfmatte und K\u00fcchent\u00fcchern<\/cite><\/blockquote>\n\n\n\n<blockquote class=\"wp-block-quote is-layout-flow wp-block-quote-is-layout-flow\">\n<p><span class=\"tadv-color\" style=\"color:#498aaf\">Sind in der Ferienwohnung  Fahrr\u00e4der verf\u00fcgbar?<\/span><\/p>\n<cite>Wir selbst k\u00f6nnen Dir leider keine Fahrr\u00e4der zur Verf\u00fcgung stellen, allerdings gibt es direkt im Ortskern von Odenthal eine <a rel=\"noreferrer noopener\" href=\"https:\/\/www.nextbike.de\/de\/bergisches-ebike\/\" target=\"_blank\">eBike Mietstation welche 24\/7 Fahrr\u00e4der<\/a> zur Verf\u00fcgung stellt. Die genaue Funktion ist auch <a href=\"https:\/\/www.nextbike.de\/de\/bergisches-ebike\/information\/\" target=\"_blank\" rel=\"noreferrer noopener\">hier gut erkl\u00e4rt<\/a>.<\/cite><\/blockquote>\n\n\n\n<blockquote class=\"wp-block-quote is-layout-flow wp-block-quote-is-layout-flow\">\n<p><span class=\"tadv-color\" style=\"color:#498aaf\">Kann ich mein Elektroauto bei Euch laden?<\/span><\/p>\n<cite>Zur Zeit bieten wir noch keine Ladem\u00f6glichkeit f\u00fcr Elektroautos an. Es gibt jedoch zwei <a aria-label=\"Lades\u00e4ule direkt im Ort, (opens in a new tab)\" href=\"https:\/\/www.goingelectric.de\/stromtankstellen\/Deutschland\/Odenthal\/Buergeramt-Bergisch-Gladbacher-Strasse-1-3\/19484\/\" target=\"_blank\" rel=\"noreferrer noopener\">Lades\u00e4ulen in Odenthal Zentrum<\/a> (jeweils 10kW) und zwei HPC Lader (2 x 300 kW &amp; 2 x 175 kW) auf dem <a href=\"https:\/\/maps.app.goo.gl\/Bq81Y1hDPiqYeY8r6\" data-type=\"link\" data-id=\"https:\/\/maps.app.goo.gl\/Bq81Y1hDPiqYeY8r6\" target=\"_blank\" rel=\"noreferrer noopener nofollow\">Parkplatz des Penny Markt<\/a> Odenthal. Ferner findest Du hier eine <a aria-label=\"\u00dcbersicht \u00f6ffentlicher Ladem\u00f6glichkeiten  (opens in a new tab)\" href=\"https:\/\/www.elektromobilitaet.nrw\/unser-service\/ladesaeulen-karte\/\" target=\"_blank\" rel=\"noreferrer noopener\">\u00dcbersicht der  \u00f6ffentlicher Ladem\u00f6glichkeiten<\/a>.<\/cite><\/blockquote>\n\n\n\n<p><\/p>\n","protected":false},"excerpt":{"rendered":"<p>Wie weit ist die Wohnung von den Gro\u00dfst\u00e4dten in der Umgebung entfernt? Die Autobahn A1 mit Anbindung nach K\u00f6ln, Leverkusen und D\u00fcsseldorf ist ca. 10 &hellip; <\/p>\n","protected":false},"author":2,"featured_media":0,"parent":0,"menu_order":0,"comment_status":"closed","ping_status":"closed","template":"","meta":{"footnotes":""},"class_list":["post-190","page","type-page","status-publish","hentry"],"_links":{"self":[{"href":"https:\/\/rheinbergquartier.de\/index.php?rest_route=\/wp\/v2\/pages\/190","targetHints":{"allow":["GET"]}}],"collection":[{"href":"https:\/\/rheinbergquartier.de\/index.php?rest_route=\/wp\/v2\/pages"}],"about":[{"href":"https:\/\/rheinbergquartier.de\/index.php?rest_route=\/wp\/v2\/types\/page"}],"author":[{"embeddable":true,"href":"https:\/\/rheinbergquartier.de\/index.php?rest_route=\/wp\/v2\/users\/2"}],"replies":[{"embeddable":true,"href":"https:\/\/rheinbergquartier.de\/index.php?rest_route=%2Fwp%2Fv2%2Fcomments&post=190"}],"version-history":[{"count":28,"href":"https:\/\/rheinbergquartier.de\/index.php?rest_route=\/wp\/v2\/pages\/190\/revisions"}],"predecessor-version":[{"id":347,"href":"https:\/\/rheinbergquartier.de\/index.php?rest_route=\/wp\/v2\/pages\/190\/revisions\/347"}],"wp:attachment":[{"href":"https:\/\/rheinbergquartier.de\/index.php?rest_route=%2Fwp%2Fv2%2Fmedia&parent=190"}],"curies":[{"name":"wp","href":"https:\/\/api.w.org\/{rel}","templated":true}]}}