{"id":196,"date":"2020-01-18T18:18:02","date_gmt":"2020-01-18T17:18:02","guid":{"rendered":"http:\/\/rheinbergquartier.de\/?page_id=196"},"modified":"2020-10-02T09:25:11","modified_gmt":"2020-10-02T07:25:11","slug":"die-umgebung","status":"publish","type":"page","link":"https:\/\/rheinbergquartier.de\/?page_id=196","title":{"rendered":"Die Umgebung"},"content":{"rendered":"\n<p>Odenthal wird oft als &#8222;Das Tor zum Bergischen&#8220; bezeichnet und das aus gutem Grund. Der Ort ist ca. 20 km von der Metropole K\u00f6ln entfernt und bietet unz\u00e4hlige M\u00f6glichkeiten in der Umgebung (Messebesuche, Naturarena Bergisches Land, Kulturangebote). Auch weitere Gro\u00dfst\u00e4dte wie z.B. D\u00fcsseldorf oder Bonn sind mit dem Auto bequem erreichbar.<\/p>\n\n\n\n<div class=\"alignnormal\"><div id=\"metaslider-id-300\" style=\"width: 100%;\" class=\"ml-slider-3-96-0 metaslider metaslider-flex metaslider-300 ml-slider ms-theme-default\" role=\"region\" aria-roledescription=\"Slideshow\" aria-label=\"Odenthal und Umgebung\">\n    <div id=\"metaslider_container_300\">\n        <div id=\"metaslider_300\">\n            <ul class='slides'>\n                <li style=\"display: block; width: 100%;\" class=\"slide-302 ms-image \" aria-roledescription=\"slide\" aria-label=\"slide-302\" data-date=\"2020-08-01 14:15:28\"><img loading=\"lazy\" decoding=\"async\" width=\"1000\" height=\"667\" src=\"https:\/\/rheinbergquartier.de\/wp-content\/uploads\/2020\/08\/Odenthal_JPG-1.jpg\" class=\"slider-300 slide-302\" alt=\"\" rel=\"\" title=\"Odenthal_JPG-1\" srcset=\"https:\/\/rheinbergquartier.de\/wp-content\/uploads\/2020\/08\/Odenthal_JPG-1.jpg 1000w, https:\/\/rheinbergquartier.de\/wp-content\/uploads\/2020\/08\/Odenthal_JPG-1-300x200.jpg 300w, https:\/\/rheinbergquartier.de\/wp-content\/uploads\/2020\/08\/Odenthal_JPG-1-768x512.jpg 768w\" sizes=\"auto, (max-width: 1000px) 100vw, 1000px\" \/><div class=\"caption-wrap\"><div class=\"caption\">Odenthaler Rathaus<\/div><\/div><\/li>\n                <li style=\"display: none; width: 100%;\" class=\"slide-307 ms-image \" aria-roledescription=\"slide\" aria-label=\"slide-307\" data-date=\"2020-08-01 14:26:50\"><img loading=\"lazy\" decoding=\"async\" width=\"2560\" height=\"1920\" src=\"https:\/\/rheinbergquartier.de\/wp-content\/uploads\/2020\/08\/OdenthalOldTown-scaled.jpg\" class=\"slider-300 slide-307\" alt=\"\" rel=\"\" title=\"OdenthalOldTown\" srcset=\"https:\/\/rheinbergquartier.de\/wp-content\/uploads\/2020\/08\/OdenthalOldTown-scaled.jpg 2560w, https:\/\/rheinbergquartier.de\/wp-content\/uploads\/2020\/08\/OdenthalOldTown-300x225.jpg 300w, https:\/\/rheinbergquartier.de\/wp-content\/uploads\/2020\/08\/OdenthalOldTown-1024x768.jpg 1024w, https:\/\/rheinbergquartier.de\/wp-content\/uploads\/2020\/08\/OdenthalOldTown-768x576.jpg 768w, https:\/\/rheinbergquartier.de\/wp-content\/uploads\/2020\/08\/OdenthalOldTown-1536x1152.jpg 1536w, https:\/\/rheinbergquartier.de\/wp-content\/uploads\/2020\/08\/OdenthalOldTown-2048x1536.jpg 2048w\" sizes=\"auto, (max-width: 2560px) 100vw, 2560px\" \/><div class=\"caption-wrap\"><div class=\"caption\">Alter Ortskern von Odenthal mit Hexenbrunnen<\/div><\/div><\/li>\n                <li style=\"display: none; width: 100%;\" class=\"slide-313 ms-image \" aria-roledescription=\"slide\" aria-label=\"slide-313\" data-date=\"2020-08-01 14:28:47\"><img loading=\"lazy\" decoding=\"async\" width=\"2560\" height=\"1707\" src=\"https:\/\/rheinbergquartier.de\/wp-content\/uploads\/2020\/08\/597A5874-scaled.jpg\" class=\"slider-300 slide-313\" alt=\"\" rel=\"\" title=\"597A5874\" srcset=\"https:\/\/rheinbergquartier.de\/wp-content\/uploads\/2020\/08\/597A5874-scaled.jpg 2560w, https:\/\/rheinbergquartier.de\/wp-content\/uploads\/2020\/08\/597A5874-300x200.jpg 300w, https:\/\/rheinbergquartier.de\/wp-content\/uploads\/2020\/08\/597A5874-1024x683.jpg 1024w, https:\/\/rheinbergquartier.de\/wp-content\/uploads\/2020\/08\/597A5874-768x512.jpg 768w, https:\/\/rheinbergquartier.de\/wp-content\/uploads\/2020\/08\/597A5874-1536x1024.jpg 1536w, https:\/\/rheinbergquartier.de\/wp-content\/uploads\/2020\/08\/597A5874-2048x1365.jpg 2048w\" sizes=\"auto, (max-width: 2560px) 100vw, 2560px\" \/><div class=\"caption-wrap\"><div class=\"caption\">Kirche Sankt Pankratius<\/div><\/div><\/li>\n                <li style=\"display: none; width: 100%;\" class=\"slide-303 ms-image \" aria-roledescription=\"slide\" aria-label=\"slide-303\" data-date=\"2020-08-01 14:16:23\"><img loading=\"lazy\" decoding=\"async\" width=\"1000\" height=\"667\" src=\"https:\/\/rheinbergquartier.de\/wp-content\/uploads\/2019\/10\/Dh\u00fcnntalsperre-1.jpg\" class=\"slider-300 slide-303\" alt=\"\" rel=\"\" title=\"Dh\u00fcnntalsperre-1\" srcset=\"https:\/\/rheinbergquartier.de\/wp-content\/uploads\/2019\/10\/Dh\u00fcnntalsperre-1.jpg 1000w, https:\/\/rheinbergquartier.de\/wp-content\/uploads\/2019\/10\/Dh\u00fcnntalsperre-1-300x200.jpg 300w, https:\/\/rheinbergquartier.de\/wp-content\/uploads\/2019\/10\/Dh\u00fcnntalsperre-1-768x512.jpg 768w\" sizes=\"auto, (max-width: 1000px) 100vw, 1000px\" \/><div class=\"caption-wrap\"><div class=\"caption\">Dh\u00fcnntalsperre<\/div><\/div><\/li>\n                <li style=\"display: none; width: 100%;\" class=\"slide-311 ms-image \" aria-roledescription=\"slide\" aria-label=\"slide-311\" data-date=\"2020-08-01 14:28:47\"><img loading=\"lazy\" decoding=\"async\" width=\"2560\" height=\"1707\" src=\"https:\/\/rheinbergquartier.de\/wp-content\/uploads\/2020\/08\/053A5498-scaled.jpg\" class=\"slider-300 slide-311\" alt=\"\" rel=\"\" title=\"053A5498\" srcset=\"https:\/\/rheinbergquartier.de\/wp-content\/uploads\/2020\/08\/053A5498-scaled.jpg 2560w, https:\/\/rheinbergquartier.de\/wp-content\/uploads\/2020\/08\/053A5498-300x200.jpg 300w, https:\/\/rheinbergquartier.de\/wp-content\/uploads\/2020\/08\/053A5498-1024x683.jpg 1024w, https:\/\/rheinbergquartier.de\/wp-content\/uploads\/2020\/08\/053A5498-768x512.jpg 768w, https:\/\/rheinbergquartier.de\/wp-content\/uploads\/2020\/08\/053A5498-1536x1024.jpg 1536w, https:\/\/rheinbergquartier.de\/wp-content\/uploads\/2020\/08\/053A5498-2048x1365.jpg 2048w\" sizes=\"auto, (max-width: 2560px) 100vw, 2560px\" \/><div class=\"caption-wrap\"><div class=\"caption\">Altenberger Dom<\/div><\/div><\/li>\n                <li style=\"display: none; width: 100%;\" class=\"slide-317 ms-image \" aria-roledescription=\"slide\" aria-label=\"slide-317\" data-date=\"2020-08-01 14:40:39\"><img loading=\"lazy\" decoding=\"async\" width=\"2560\" height=\"1920\" src=\"https:\/\/rheinbergquartier.de\/wp-content\/uploads\/2020\/08\/IMG_0146-scaled.jpeg\" class=\"slider-300 slide-317\" alt=\"\" rel=\"\" title=\"IMG_0146\" srcset=\"https:\/\/rheinbergquartier.de\/wp-content\/uploads\/2020\/08\/IMG_0146-scaled.jpeg 2560w, https:\/\/rheinbergquartier.de\/wp-content\/uploads\/2020\/08\/IMG_0146-300x225.jpeg 300w, https:\/\/rheinbergquartier.de\/wp-content\/uploads\/2020\/08\/IMG_0146-1024x768.jpeg 1024w, https:\/\/rheinbergquartier.de\/wp-content\/uploads\/2020\/08\/IMG_0146-768x576.jpeg 768w, https:\/\/rheinbergquartier.de\/wp-content\/uploads\/2020\/08\/IMG_0146-1536x1152.jpeg 1536w, https:\/\/rheinbergquartier.de\/wp-content\/uploads\/2020\/08\/IMG_0146-2048x1536.jpeg 2048w\" sizes=\"auto, (max-width: 2560px) 100vw, 2560px\" \/><div class=\"caption-wrap\"><div class=\"caption\">Klosteranlage Altenberg mit Dom<\/div><\/div><\/li>\n                <li style=\"display: none; width: 100%;\" class=\"slide-318 ms-image \" aria-roledescription=\"slide\" aria-label=\"slide-318\" data-date=\"2020-08-01 14:40:39\"><img loading=\"lazy\" decoding=\"async\" width=\"1920\" height=\"2560\" src=\"https:\/\/rheinbergquartier.de\/wp-content\/uploads\/2020\/08\/IMG_0175-scaled.jpeg\" class=\"slider-300 slide-318\" alt=\"\" rel=\"\" title=\"IMG_0175\" srcset=\"https:\/\/rheinbergquartier.de\/wp-content\/uploads\/2020\/08\/IMG_0175-scaled.jpeg 1920w, https:\/\/rheinbergquartier.de\/wp-content\/uploads\/2020\/08\/IMG_0175-225x300.jpeg 225w, https:\/\/rheinbergquartier.de\/wp-content\/uploads\/2020\/08\/IMG_0175-768x1024.jpeg 768w, https:\/\/rheinbergquartier.de\/wp-content\/uploads\/2020\/08\/IMG_0175-1152x1536.jpeg 1152w, https:\/\/rheinbergquartier.de\/wp-content\/uploads\/2020\/08\/IMG_0175-1536x2048.jpeg 1536w\" sizes=\"auto, (max-width: 1920px) 100vw, 1920px\" \/><div class=\"caption-wrap\"><div class=\"caption\">Altenberger Dom im Winter<\/div><\/div><\/li>\n                <li style=\"display: none; width: 100%;\" class=\"slide-319 ms-image \" aria-roledescription=\"slide\" aria-label=\"slide-319\" data-date=\"2020-08-01 14:40:39\"><img loading=\"lazy\" decoding=\"async\" width=\"2560\" height=\"1920\" src=\"https:\/\/rheinbergquartier.de\/wp-content\/uploads\/2020\/08\/IMG_1340-scaled.jpeg\" class=\"slider-300 slide-319\" alt=\"\" rel=\"\" title=\"IMG_1340\" srcset=\"https:\/\/rheinbergquartier.de\/wp-content\/uploads\/2020\/08\/IMG_1340-scaled.jpeg 2560w, https:\/\/rheinbergquartier.de\/wp-content\/uploads\/2020\/08\/IMG_1340-300x225.jpeg 300w, https:\/\/rheinbergquartier.de\/wp-content\/uploads\/2020\/08\/IMG_1340-1024x768.jpeg 1024w, https:\/\/rheinbergquartier.de\/wp-content\/uploads\/2020\/08\/IMG_1340-768x576.jpeg 768w, https:\/\/rheinbergquartier.de\/wp-content\/uploads\/2020\/08\/IMG_1340-1536x1152.jpeg 1536w, https:\/\/rheinbergquartier.de\/wp-content\/uploads\/2020\/08\/IMG_1340-2048x1536.jpeg 2048w\" sizes=\"auto, (max-width: 2560px) 100vw, 2560px\" \/><div class=\"caption-wrap\"><div class=\"caption\">Wanderparadies Dh\u00fcnnaue<\/div><\/div><\/li>\n                <li style=\"display: none; width: 100%;\" class=\"slide-312 ms-image \" aria-roledescription=\"slide\" aria-label=\"slide-312\" data-date=\"2020-08-01 14:28:47\"><img loading=\"lazy\" decoding=\"async\" width=\"1501\" height=\"1001\" src=\"https:\/\/rheinbergquartier.de\/wp-content\/uploads\/2020\/08\/597A0103.jpg\" class=\"slider-300 slide-312\" alt=\"\" rel=\"\" title=\"597A0103\" srcset=\"https:\/\/rheinbergquartier.de\/wp-content\/uploads\/2020\/08\/597A0103.jpg 1501w, https:\/\/rheinbergquartier.de\/wp-content\/uploads\/2020\/08\/597A0103-300x200.jpg 300w, https:\/\/rheinbergquartier.de\/wp-content\/uploads\/2020\/08\/597A0103-1024x683.jpg 1024w, https:\/\/rheinbergquartier.de\/wp-content\/uploads\/2020\/08\/597A0103-768x512.jpg 768w\" sizes=\"auto, (max-width: 1501px) 100vw, 1501px\" \/><div class=\"caption-wrap\"><div class=\"caption\">Naturbegegnungen<\/div><\/div><\/li>\n            <\/ul>\n        <\/div>\n        \n    <\/div>\n<\/div><\/div>\n","protected":false},"excerpt":{"rendered":"<p>Odenthal wird oft als &#8222;Das Tor zum Bergischen&#8220; bezeichnet und das aus gutem Grund. Der Ort ist ca. 20 km von der Metropole K\u00f6ln entfernt &hellip; <\/p>\n","protected":false},"author":2,"featured_media":0,"parent":0,"menu_order":0,"comment_status":"closed","ping_status":"closed","template":"","meta":{"footnotes":""},"class_list":["post-196","page","type-page","status-publish","hentry"],"_links":{"self":[{"href":"https:\/\/rheinbergquartier.de\/index.php?rest_route=\/wp\/v2\/pages\/196","targetHints":{"allow":["GET"]}}],"collection":[{"href":"https:\/\/rheinbergquartier.de\/index.php?rest_route=\/wp\/v2\/pages"}],"about":[{"href":"https:\/\/rheinbergquartier.de\/index.php?rest_route=\/wp\/v2\/types\/page"}],"author":[{"embeddable":true,"href":"https:\/\/rheinbergquartier.de\/index.php?rest_route=\/wp\/v2\/users\/2"}],"replies":[{"embeddable":true,"href":"https:\/\/rheinbergquartier.de\/index.php?rest_route=%2Fwp%2Fv2%2Fcomments&post=196"}],"version-history":[{"count":11,"href":"https:\/\/rheinbergquartier.de\/index.php?rest_route=\/wp\/v2\/pages\/196\/revisions"}],"predecessor-version":[{"id":324,"href":"https:\/\/rheinbergquartier.de\/index.php?rest_route=\/wp\/v2\/pages\/196\/revisions\/324"}],"wp:attachment":[{"href":"https:\/\/rheinbergquartier.de\/index.php?rest_route=%2Fwp%2Fv2%2Fmedia&parent=196"}],"curies":[{"name":"wp","href":"https:\/\/api.w.org\/{rel}","templated":true}]}}